{"id":15036,"date":"2016-08-12T10:14:45","date_gmt":"2016-08-12T08:14:45","guid":{"rendered":"https:\/\/juditaltimir.com\/about-us\/"},"modified":"2023-11-20T09:43:01","modified_gmt":"2023-11-20T07:43:01","slug":"acerca-de","status":"publish","type":"page","link":"https:\/\/juditaltimir.com\/es\/acerca-de\/","title":{"rendered":"Acerca de"},"content":{"rendered":"<style type=\"text\/css\"> \n#cmsmasters_row_69ea7a4e756c66_95582341 { \n\tbackground-image: url(https:\/\/juditaltimir.com\/wp-content\/uploads\/2023\/11\/escac_reday_to_fight.jpg); \n\tbackground-position: center center; \n\tbackground-repeat: no-repeat; \n\tbackground-attachment: scroll; \n\tbackground-size: cover; \n} \n\n#cmsmasters_row_69ea7a4e756c66_95582341 .cmsmasters_row_outer_parent { \n\tpadding-top: 250px; \n} \n\n#cmsmasters_row_69ea7a4e756c66_95582341 .cmsmasters_row_outer_parent { \n\tpadding-bottom: 150px; \n} \n\n \n#cmsmasters_heading_69ea7a4e75af17_98032828 { \n\ttext-align:center; \n\tmargin-top:0px; \n\tmargin-bottom:20px; \n} \n\n#cmsmasters_heading_69ea7a4e75af17_98032828 .cmsmasters_heading { \n\ttext-align:center; \n} \n\n#cmsmasters_heading_69ea7a4e75af17_98032828 .cmsmasters_heading, #cmsmasters_heading_69ea7a4e75af17_98032828 .cmsmasters_heading a { \n\tfont-size:40px; \n\tfont-weight:600; \n\tfont-style:normal; \n} \n\n#cmsmasters_heading_69ea7a4e75af17_98032828 .cmsmasters_heading_divider { \n} \n\n \n#cmsmasters_row_69ea7a4e75c8a1_97459612 .cmsmasters_row_outer_parent { \n\tpadding-top: 70px; \n} \n\n#cmsmasters_row_69ea7a4e75c8a1_97459612 .cmsmasters_row_outer_parent { \n\tpadding-bottom: 70px; \n} \n\n<\/style><div id=\"cmsmasters_row_69ea7a4e756c66_95582341\" class=\"cmsmasters_row cmsmasters_color_scheme_default cmsmasters_row_top_default cmsmasters_row_bot_default cmsmasters_row_boxed\">\n<div class=\"cmsmasters_row_outer_parent\">\n<div class=\"cmsmasters_row_outer\">\n<div class=\"cmsmasters_row_inner\">\n<div class=\"cmsmasters_row_margin\">\n<div class=\"cmsmasters_column one_first\">\n\n<div id=\"cmsmasters_heading_69ea7a4e75af17_98032828\" class=\"cmsmasters_heading_wrap cmsmasters_heading_align_center\">\n\t<h2 class=\"cmsmasters_heading\">Acerca de m\u00ed<\/h2>\n<\/div>\n<\/div>\n<\/div>\n<\/div>\n<\/div>\n<\/div>\n<\/div>\n<div id=\"cmsmasters_row_69ea7a4e75c8a1_97459612\" class=\"cmsmasters_row cmsmasters_color_scheme_default cmsmasters_row_top_default cmsmasters_row_bot_default cmsmasters_row_boxed\">\n<div class=\"cmsmasters_row_outer_parent\">\n<div class=\"cmsmasters_row_outer\">\n<div class=\"cmsmasters_row_inner\">\n<div class=\"cmsmasters_row_margin\">\n<div class=\"cmsmasters_column one_half\">\n<div class=\"cmsmasters_img  cmsmasters_image_n\">\n<img decoding=\"async\" src=\"https:\/\/juditaltimir.com\/wp-content\/uploads\/2023\/11\/profile_judit_altimir.jpeg\" \/>\n<\/div>\n<\/div>\n<div class=\"cmsmasters_column one_half\">\n<div class=\"cmsmasters_text\">\n<p>Soy una artista VFX en Barcelona, especializada en Houdini, con una s\u00f3lida formaci\u00f3n en multimedia del Centre de la Imatge i la Tecnologia Multim\u00e8dia de la UPC en Terrassa. Tambi\u00e9n obtuve unamaestr\u00eda en Efectos Visuales para Cine y TV en la ESCAC (Escola Superior de Cinema i Audiovisuals de Catalunya).<\/p>\n<p>Como artista independiente de VFX, he estado creando impresionantes efectos visuales para varios proyectos.<\/p>\n<p>Adem\u00e1s, comparto mi experiencia ense\u00f1ando Houdini a aspirantes a profesionales de VFX en la ESCAC y la ECIB (Escola de Cine de Barcelona).<\/p>\n<\/div>\n<\/div>\n<\/div>\n<\/div>\n<\/div>\n<\/div>\n<\/div>\n\n","protected":false},"excerpt":{"rendered":"","protected":false},"author":1,"featured_media":0,"parent":0,"menu_order":0,"comment_status":"closed","ping_status":"closed","template":"","meta":{"footnotes":""},"_links":{"self":[{"href":"https:\/\/juditaltimir.com\/es\/wp-json\/wp\/v2\/pages\/15036"}],"collection":[{"href":"https:\/\/juditaltimir.com\/es\/wp-json\/wp\/v2\/pages"}],"about":[{"href":"https:\/\/juditaltimir.com\/es\/wp-json\/wp\/v2\/types\/page"}],"author":[{"embeddable":true,"href":"https:\/\/juditaltimir.com\/es\/wp-json\/wp\/v2\/users\/1"}],"replies":[{"embeddable":true,"href":"https:\/\/juditaltimir.com\/es\/wp-json\/wp\/v2\/comments?post=15036"}],"version-history":[{"count":7,"href":"https:\/\/juditaltimir.com\/es\/wp-json\/wp\/v2\/pages\/15036\/revisions"}],"predecessor-version":[{"id":15099,"href":"https:\/\/juditaltimir.com\/es\/wp-json\/wp\/v2\/pages\/15036\/revisions\/15099"}],"wp:attachment":[{"href":"https:\/\/juditaltimir.com\/es\/wp-json\/wp\/v2\/media?parent=15036"}],"curies":[{"name":"wp","href":"https:\/\/api.w.org\/{rel}","templated":true}]}}