{"id":15035,"date":"2016-08-12T10:14:45","date_gmt":"2016-08-12T08:14:45","guid":{"rendered":"https:\/\/juditaltimir.com\/about-us\/"},"modified":"2023-11-20T09:43:50","modified_gmt":"2023-11-20T07:43:50","slug":"sobre-mi","status":"publish","type":"page","link":"https:\/\/juditaltimir.com\/ca\/sobre-mi\/","title":{"rendered":"Sobre"},"content":{"rendered":"<style type=\"text\/css\"> \n#cmsmasters_row_69ea79f61523b0_06394770 { \n\tbackground-image: url(https:\/\/juditaltimir.com\/wp-content\/uploads\/2023\/11\/escac_reday_to_fight.jpg); \n\tbackground-position: center center; \n\tbackground-repeat: no-repeat; \n\tbackground-attachment: scroll; \n\tbackground-size: cover; \n} \n\n#cmsmasters_row_69ea79f61523b0_06394770 .cmsmasters_row_outer_parent { \n\tpadding-top: 250px; \n} \n\n#cmsmasters_row_69ea79f61523b0_06394770 .cmsmasters_row_outer_parent { \n\tpadding-bottom: 150px; \n} \n\n \n#cmsmasters_heading_69ea79f6157600_84215297 { \n\ttext-align:center; \n\tmargin-top:0px; \n\tmargin-bottom:20px; \n} \n\n#cmsmasters_heading_69ea79f6157600_84215297 .cmsmasters_heading { \n\ttext-align:center; \n} \n\n#cmsmasters_heading_69ea79f6157600_84215297 .cmsmasters_heading, #cmsmasters_heading_69ea79f6157600_84215297 .cmsmasters_heading a { \n\tfont-size:40px; \n\tfont-weight:600; \n\tfont-style:normal; \n} \n\n#cmsmasters_heading_69ea79f6157600_84215297 .cmsmasters_heading_divider { \n} \n\n \n#cmsmasters_row_69ea79f61590c1_69332621 .cmsmasters_row_outer_parent { \n\tpadding-top: 70px; \n} \n\n#cmsmasters_row_69ea79f61590c1_69332621 .cmsmasters_row_outer_parent { \n\tpadding-bottom: 70px; \n} \n\n<\/style><div id=\"cmsmasters_row_69ea79f61523b0_06394770\" class=\"cmsmasters_row cmsmasters_color_scheme_default cmsmasters_row_top_default cmsmasters_row_bot_default cmsmasters_row_boxed\">\n<div class=\"cmsmasters_row_outer_parent\">\n<div class=\"cmsmasters_row_outer\">\n<div class=\"cmsmasters_row_inner\">\n<div class=\"cmsmasters_row_margin\">\n<div class=\"cmsmasters_column one_first\">\n\n<div id=\"cmsmasters_heading_69ea79f6157600_84215297\" class=\"cmsmasters_heading_wrap cmsmasters_heading_align_center\">\n\t<h2 class=\"cmsmasters_heading\">Sobre mi<\/h2>\n<\/div>\n<\/div>\n<\/div>\n<\/div>\n<\/div>\n<\/div>\n<\/div>\n<div id=\"cmsmasters_row_69ea79f61590c1_69332621\" class=\"cmsmasters_row cmsmasters_color_scheme_default cmsmasters_row_top_default cmsmasters_row_bot_default cmsmasters_row_boxed\">\n<div class=\"cmsmasters_row_outer_parent\">\n<div class=\"cmsmasters_row_outer\">\n<div class=\"cmsmasters_row_inner\">\n<div class=\"cmsmasters_row_margin\">\n<div class=\"cmsmasters_column one_half\">\n<div class=\"cmsmasters_img  cmsmasters_image_n\">\n<img decoding=\"async\" src=\"https:\/\/juditaltimir.com\/wp-content\/uploads\/2023\/11\/profile_judit_altimir.jpeg\" \/>\n<\/div>\n<\/div>\n<div class=\"cmsmasters_column one_half\">\n<div class=\"cmsmasters_text\">\n<p>S\u00f3c una artista VFX resident a Barcelona, especialitzada en Houdini, amb una forta formaci\u00f3 en multim\u00e8dia del Centre de la Imatge i la Tecnologia Multim\u00e8dia de la UPC de Terrassa. Tamb\u00e9 vaig fer un m\u00e0ster en Efectes Visuals per a Cinema i TV a l&#8217;ESCAC (Escola Superior de Cinema i Audiovisuals de Catalunya).<\/p>\n<p>Com a artista VFX aut\u00f2noma, he estat creant impressionants efectes visuals per a diversos projectes.<\/p>\n<p>A m\u00e9s, comparteixo la meva experi\u00e8ncia ensenyant Houdini a aspirants a professionals de VFX a l&#8217;ESCAC i l&#8217;ECIB (Escola de Cine de Barcelona).<\/p>\n<\/div>\n<\/div>\n<\/div>\n<\/div>\n<\/div>\n<\/div>\n<\/div>\n\n","protected":false},"excerpt":{"rendered":"","protected":false},"author":1,"featured_media":0,"parent":0,"menu_order":0,"comment_status":"closed","ping_status":"closed","template":"","meta":{"footnotes":""},"_links":{"self":[{"href":"https:\/\/juditaltimir.com\/ca\/wp-json\/wp\/v2\/pages\/15035"}],"collection":[{"href":"https:\/\/juditaltimir.com\/ca\/wp-json\/wp\/v2\/pages"}],"about":[{"href":"https:\/\/juditaltimir.com\/ca\/wp-json\/wp\/v2\/types\/page"}],"author":[{"embeddable":true,"href":"https:\/\/juditaltimir.com\/ca\/wp-json\/wp\/v2\/users\/1"}],"replies":[{"embeddable":true,"href":"https:\/\/juditaltimir.com\/ca\/wp-json\/wp\/v2\/comments?post=15035"}],"version-history":[{"count":4,"href":"https:\/\/juditaltimir.com\/ca\/wp-json\/wp\/v2\/pages\/15035\/revisions"}],"predecessor-version":[{"id":15100,"href":"https:\/\/juditaltimir.com\/ca\/wp-json\/wp\/v2\/pages\/15035\/revisions\/15100"}],"wp:attachment":[{"href":"https:\/\/juditaltimir.com\/ca\/wp-json\/wp\/v2\/media?parent=15035"}],"curies":[{"name":"wp","href":"https:\/\/api.w.org\/{rel}","templated":true}]}}